{"id":8632,"date":"2021-11-20T15:02:16","date_gmt":"2021-11-20T14:02:16","guid":{"rendered":"https:\/\/www.storespergolas.com\/blog\/?page_id=8632"},"modified":"2025-01-24T16:29:50","modified_gmt":"2025-01-24T15:29:50","slug":"stores-pergolas-100-pour-cent-satisfait-ou-rembourse","status":"publish","type":"page","link":"https:\/\/www.storespergolas.com\/blog\/stores-pergolas-100-pour-cent-satisfait-ou-rembourse\/","title":{"rendered":"Stores &amp; Pergolas&#x2122; &#8211; 100% satisfait ou rembours\u00e9"},"content":{"rendered":"\n<h1 class=\"wp-block-heading\" id=\"droit-de-retractation\">Droit de r\u00e9tractation<\/h1>\n\n\n\n<h2 class=\"wp-block-heading\" id=\"droit-de-retractation\">Droit de r\u00e9tractation<\/h2>\n\n\n\n<p class=\"wp-block-paragraph\">Vous avez le droit de vous r\u00e9tracter du pr\u00e9sent contrat sans donner de motif dans un <strong>d\u00e9lai de quatorze jours<\/strong>. Le d\u00e9lai de r\u00e9tractation expire quatorze jours apr\u00e8s le jour o\u00f9 vous-m\u00eame, ou un tiers autre que le transporteur et d\u00e9sign\u00e9 par vous, prend physiquement possession du dernier bien.<\/p>\n\n\n\n<p class=\"wp-block-paragraph\">Pour exercer le droit de r\u00e9tractation, vous devez nous notifier votre d\u00e9cision de r\u00e9tractation du pr\u00e9sent contrat au moyen d\u2019une d\u00e9claration d\u00e9nu\u00e9e d\u2019ambigu\u00eft\u00e9 (par exemple, lettre envoy\u00e9e par la poste, t\u00e9l\u00e9copie ou courrier \u00e9lectronique) en utilisant ce <a rel=\"noreferrer noopener\" href=\"https:\/\/www.storespergolas.com\/contact-page.php\" target=\"_blank\">formulaire de contact<\/a>.<\/p>\n\n\n\n<p class=\"wp-block-paragraph\">Vous pouvez utiliser le mod\u00e8le de formulaire de r\u00e9tractation mais ce n\u2019est pas obligatoire. Pour que le d\u00e9lai de r\u00e9tractation soit respect\u00e9, il suffit que vous transmettiez votre communication relative \u00e0 l\u2019exercice du droit de r\u00e9tractation avant l\u2019expiration du d\u00e9lai de r\u00e9tractation. <\/p>\n\n\n\n<p class=\"wp-block-paragraph\">Vous devrez renvoyer ou nous rendre le bien, en l&rsquo;exp\u00e9diant \u00e0 La soci\u00e9t\u00e9 QUALITOILES SL Cam\u00ed de Can Rossa, 317242 Quart, Girona, Espagne, sans retard excessif et, en tout \u00e9tat de cause, au plus tard quatorze jours apr\u00e8s que vous nous aurez communiqu\u00e9 votre d\u00e9cision de r\u00e9tractation du pr\u00e9sent contrat. Ce d\u00e9lai est r\u00e9put\u00e9 respect\u00e9 si vous renvoyez le bien avant l\u2019expiration du d\u00e9lai de quatorze jours. Vous devrez prendre en charge les frais directs de renvoi du bien.<\/p>\n\n\n\n<h2 class=\"wp-block-heading\" id=\"effets-de-la-retractation\">Effets de la r\u00e9tractation<\/h2>\n\n\n\n<p class=\"wp-block-paragraph\">En cas de r\u00e9tractation de votre part du pr\u00e9sent contrat, nous vous rembourserons tous les paiements re\u00e7us de vous, y compris les frais de livraison (\u00e0 l\u2019exception des frais suppl\u00e9mentaires d\u00e9coulant du fait que vous avez choisi, le cas \u00e9ch\u00e9ant, un mode de livraison autre que le mode moins co\u00fbteux de livraison standard propos\u00e9 par nous) sans retard excessif et, en tout \u00e9tat de cause, au plus tard quatorze jours \u00e0 compter du jour o\u00f9 nous sommes inform\u00e9s de votre d\u00e9cision de r\u00e9tractation du pr\u00e9sent contrat. <\/p>\n\n\n\n<p class=\"wp-block-paragraph\">Nous proc\u00e9derons au remboursement en utilisant le m\u00eame moyen de paiement que celui que vous aurez utilis\u00e9 pour la transaction initiale, sauf si vous convenez express\u00e9ment d\u2019un moyen diff\u00e9rent; en tout \u00e9tat de cause, ce remboursement n\u2019occasionnera pas de frais pour vous. Nous pouvons diff\u00e9rer le remboursement jusqu\u2019\u00e0 ce que nous ayons re\u00e7u le bien ou jusqu\u2019\u00e0 ce que vous ayez fourni une preuve d\u2019exp\u00e9dition du bien, la date retenue \u00e9tant celle du premier de ces faits.<\/p>\n\n\n\n<h2 class=\"wp-block-heading\" id=\"exception-au-droit-de-retractation\">Exception au droit de r\u00e9tractation<\/h2>\n\n\n\n<p class=\"wp-block-paragraph\">L\u2019exercice du droit de r\u00e9tractation est exclu pour les contrats suivants :<\/p>\n\n\n\n<p class=\"wp-block-paragraph\">&#8211; les contrats de fourniture de biens confectionn\u00e9s selon les sp\u00e9cifications du consommateur ou nettement personnalis\u00e9s ;<br><br>&#8211; les contrats de fourniture de services pleinement ex\u00e9cut\u00e9s avant la fin du d\u00e9lai de r\u00e9tractation et dont l\u2019ex\u00e9cution a commenc\u00e9 apr\u00e8s accord pr\u00e9alable expr\u00e8s du consommateur et renoncement expr\u00e8s \u00e0 son droit de r\u00e9tractation.<\/p>\n\n\n\n<p class=\"wp-block-paragraph\">&#8211; les contrats les travaux d\u2019entretien ou de r\u00e9paration \u00e0 r\u00e9aliser en urgence au domicile du consommateur et express\u00e9ment sollicit\u00e9s par lui, dans la limite des pi\u00e8ces de rechange et travaux strictement n\u00e9cessaires pour r\u00e9pondre \u00e0 l\u2019urgence.<\/p>\n\n\n\n<p class=\"wp-block-paragraph\">Retournez votre commande dans son emballage d&rsquo;origine dans ce d\u00e9lai. <\/p>\n\n\n\n<p class=\"wp-block-paragraph\"><strong>Attention<\/strong> : Les articles sur-mesure ou configurables ne peuvent en revanche faire l&rsquo;objet du d\u00e9lai de r\u00e9tractation du fait de leur caract\u00e8re personnalis\u00e9. C&rsquo;est le cas notamment des toiles de stores.<\/p>\n\n\n\n<h2 class=\"wp-block-heading\">Quelle est la marche \u00e0 suivre ?<\/h2>\n\n\n\n<ul class=\"wp-block-list\">\n<li>&nbsp;Contactez notre service client en utilisant le <a href=\"https:\/\/www.storespergolas.com\/contact-page.php\" target=\"_blank\" rel=\"noreferrer noopener\">formulaire de contact<\/a><\/li>\n\n\n\n<li>Nous vous confirmerons alors, apr\u00e8s avoir pris connaissance de votre demande de retour que le ou els articles concern\u00e9s sont bien \u00e9ligibles \u00e0 cette facult\u00e9.<\/li>\n\n\n\n<li>Nous ne poserons pas plus de questions.<\/li>\n\n\n\n<li>Vous pouvez alors demander le remplacement ou le remboursement de votre produit, conform\u00e9ment aux dispositions de nos <a href=\"https:\/\/www.storespergolas.com\/cgv.html\" target=\"_blank\" rel=\"noreferrer noopener\">Conditions G\u00e9n\u00e9rales de Vente<\/a><\/li>\n<\/ul>\n","protected":false},"excerpt":{"rendered":"<p>Droit de r\u00e9tractation Droit de r\u00e9tractation Vous avez le droit de vous r\u00e9tracter du pr\u00e9sent contrat sans donner de motif dans un d\u00e9lai de quatorze jours. Le d\u00e9lai de r\u00e9tractation expire quatorze jours apr\u00e8s le jour o\u00f9 vous-m\u00eame, ou un tiers autre que le transporteur et d\u00e9sign\u00e9 par vous, prend &#8230; <\/p>\n<p class=\"read-more-container\"><a title=\"Stores &amp; Pergolas&#x2122; &#8211; 100% satisfait ou rembours\u00e9\" class=\"read-more button\" href=\"https:\/\/www.storespergolas.com\/blog\/stores-pergolas-100-pour-cent-satisfait-ou-rembourse\/#more-8632\" aria-label=\"Plus sur Stores &amp; Pergolas&#x2122; &#8211; 100% satisfait ou rembours\u00e9\">Lire &#8230;<\/a><\/p>\n","protected":false},"author":2,"featured_media":0,"parent":0,"menu_order":0,"comment_status":"closed","ping_status":"closed","template":"","meta":{"_crdt_document":"","footnotes":""},"class_list":["post-8632","page","type-page","status-publish","hentry","infinite-scroll-item","no-featured-image-padding"],"_links":{"self":[{"href":"https:\/\/www.storespergolas.com\/blog\/wp-json\/wp\/v2\/pages\/8632","targetHints":{"allow":["GET"]}}],"collection":[{"href":"https:\/\/www.storespergolas.com\/blog\/wp-json\/wp\/v2\/pages"}],"about":[{"href":"https:\/\/www.storespergolas.com\/blog\/wp-json\/wp\/v2\/types\/page"}],"author":[{"embeddable":true,"href":"https:\/\/www.storespergolas.com\/blog\/wp-json\/wp\/v2\/users\/2"}],"replies":[{"embeddable":true,"href":"https:\/\/www.storespergolas.com\/blog\/wp-json\/wp\/v2\/comments?post=8632"}],"version-history":[{"count":7,"href":"https:\/\/www.storespergolas.com\/blog\/wp-json\/wp\/v2\/pages\/8632\/revisions"}],"predecessor-version":[{"id":11707,"href":"https:\/\/www.storespergolas.com\/blog\/wp-json\/wp\/v2\/pages\/8632\/revisions\/11707"}],"wp:attachment":[{"href":"https:\/\/www.storespergolas.com\/blog\/wp-json\/wp\/v2\/media?parent=8632"}],"curies":[{"name":"wp","href":"https:\/\/api.w.org\/{rel}","templated":true}]}}