{"id":8625,"date":"2021-11-20T13:29:13","date_gmt":"2021-11-20T12:29:13","guid":{"rendered":"https:\/\/www.storespergolas.com\/blog\/?page_id=8625"},"modified":"2024-02-21T21:02:17","modified_gmt":"2024-02-21T20:02:17","slug":"stores-pergolas-expeditions-et-transport","status":"publish","type":"page","link":"https:\/\/www.storespergolas.com\/blog\/stores-pergolas-expeditions-et-transport\/","title":{"rendered":"Stores &amp; Pergolas&#x2122; &#8211; Exp\u00e9ditions et transport"},"content":{"rendered":"\n<h2 class=\"wp-block-heading\" id=\"block-022b0b80-546f-4713-8401-a9efcf155576\">Exp\u00e9dition par transporteur<\/h2>\n\n\n\n<p class=\"wp-block-paragraph\" id=\"block-62d16cce-2da9-4f4e-9624-9691eac78788\">Les exp\u00e9ditions de toiles de stores et d&rsquo;accessoires sont majoritairement r\u00e9alis\u00e9es par des transporteurs express.<\/p>\n\n\n\n<p class=\"wp-block-paragraph\" id=\"block-62d16cce-2da9-4f4e-9624-9691eac78788\">Nous travaillons avec les principaux r\u00e9seaux, DHL&#x2122;, DPD&#x2122;, MONDIAL RELAY&#x2122;, COLISSIMO LA POSTE&#x2122; &#8230;<\/p>\n\n\n\n<p class=\"wp-block-paragraph\" id=\"block-25b694f0-4fdd-4eda-a1d5-6b51da93038a\">C&rsquo;est au moment de votre commande que nous vous donnons le choix du mode de transport, en fonction des offres disponibles au jour de votre achat.<\/p>\n\n\n\n<p class=\"wp-block-paragraph\" id=\"block-7817ecf3-abf2-4c8a-bfcf-c5b4af88e476\">Vous recevrez indiff\u00e9remment par appel t\u00e9l\u00e9phonique, chat, sms, ou email des informations r\u00e9guli\u00e8res relatives \u00e0 l&rsquo;acheminement de votre commande.<\/p>\n\n\n\n<h2 class=\"wp-block-heading\" id=\"block-a5a61f5d-6b38-424f-a2c4-17e94ad977de\">R\u00e9ception de la marchandise \u00e0 domicile<\/h2>\n\n\n\n<p class=\"wp-block-paragraph\" id=\"block-ea31f59a-8c3b-4d88-a1ec-5b79b1bac539\">Il est imp\u00e9ratif que vous soyez pr\u00e9sent pour la r\u00e9ception&nbsp;\u00e0 la date convenue avec le transporteur. En cas d&rsquo;absence ou de refus non justifi\u00e9, le second passage pourrait \u00e9ventuellement vous \u00eatre factur\u00e9 comme une seconde livraison.<br><br>En cas de livraison \u00e0 domicile, la livraison se fait dans la limite de l&rsquo;accessibilit\u00e9 du v\u00e9hicule au lieu de livraison. Vous vous engagez \u00e0 garantir que le lieu de livraison soit accessible au v\u00e9hicule et \u00e0 fournir tous les renseignements n\u00e9cessaires concernant les conditions d&rsquo;accessibilit\u00e9 au lieu de livraison.<\/p>\n\n\n\n<p class=\"wp-block-paragraph\" id=\"block-d7736749-5d3e-4805-a74b-60f0b85ebee8\">Le v\u00e9hicule doit pouvoir acc\u00e9der et manoeuvrer facilement devant le lieu de livraison. Le chauffeur-livreur doit \u00eatre en mesure de d\u00e9charger et de repartir en marche avant (ou arri\u00e8re). Il doit aussi le cas \u00e9ch\u00e9ant, pouvoir faire demi-tour sans difficult\u00e9 d\u00e8s la livraison effectu\u00e9e.<\/p>\n\n\n\n<p class=\"wp-block-paragraph\" id=\"block-85c91c42-790f-4499-8e5a-5f35645f8323\">Si la configuration r\u00e9elle du lieu de livraison emp\u00eache physiquement l&rsquo;acc\u00e8s du v\u00e9hicule, ou le d\u00e9chargement du ou des articles, le transporteur se r\u00e9serve le droit d&rsquo;annuler la livraison. Dans ce cas pr\u00e9cis, il retournera les marchandises \u00e0 son d\u00e9p\u00f4t. Le co\u00fbt de livraison restera exigible. Nous pourrons vous facturer une nouvelle livraison.<\/p>\n\n\n\n<p class=\"wp-block-paragraph\" id=\"block-8c37b24e-8760-474d-b571-e881a8ae6955\">Le transporteur vous livrera <strong>au pas de la porte<\/strong>. Cela signifie que vous devez assurer vous-m\u00eame la manutention du store banne ext\u00e9rieur ou du dispositif de protection solaire jusqu&rsquo;\u00e0 la pi\u00e8ce d&rsquo;utilisation ou le lieu d&rsquo;installation.<\/p>\n\n\n\n<p class=\"wp-block-paragraph\" id=\"block-9416b555-4af5-4307-8d41-53eca7337732\">Le<strong> chauffeur-livreur<\/strong>. est seul. Il est donc opportun et indispensable de pr\u00e9voir de la main d&rsquo;oeuvre sur place pour le cas \u00e9ch\u00e9ant l&rsquo;aider \u00e0 d\u00e9charger la marchandise.<\/p>\n\n\n\n<h2 class=\"wp-block-heading\" id=\"block-727bd911-e745-43cf-9137-9669f5e2847d\">Prise de r\u00e9serves<\/h2>\n\n\n\n<p class=\"wp-block-paragraph\" id=\"block-181ae397-8ff2-49bf-97e9-7e540206ea4f\">Pour toutes les livraisons par transporteur,&nbsp;nous vous recommandons de v\u00e9rifier la conformit\u00e9 du colis et de la marchandise devant le livreur, cette mesure simple et rapide permet d&rsquo;\u00e9viter des proc\u00e9dures longues et fastidieuses avec le transporteur. Si vous remarquez une avarie apr\u00e8s le d\u00e9part du chauffeur livreur, rassurez-vous.<\/p>\n\n\n\n<p class=\"wp-block-paragraph\" id=\"block-3318400b-3e73-4af5-a4db-1ffea9a876c5\">Vous disposez d&rsquo;un d\u00e9lai de <strong>3 jours ouvr\u00e9s<\/strong> \u00e0 compter de la livraison pour \u00e9tablir une d\u00e9claration en lettre recommand\u00e9e avec accus\u00e9 de r\u00e9ception au transporteur. Si vous constatez une avarie rendez la toile de store, l&rsquo;accessoire ou l&rsquo;objet au transporteur, et pr\u00e9cisez la nature du probl\u00e8me sur le bon de livraison..<\/p>\n\n\n\n<p class=\"wp-block-paragraph\" id=\"block-195130db-b436-4ea5-b957-254868d92b96\">En cas d&rsquo;anomalie concernant la livraison, vous devez indiquer des r\u00e9serves sous formes d\u2019observations manuscrites d\u00e9taill\u00e9es, dat\u00e9s, explicites accompagn\u00e9es de sa signature sur le bordereau de livraison. Vous devez par ailleurs confirmer ces r\u00e9serves par l&rsquo;envoi d&rsquo;une lettre recommand\u00e9e avec accus\u00e9 de r\u00e9ception au transporteur. Prenez \u00e9galement soin de nous informer des r\u00e9serves prises \u00e0 la livraison par email..<\/p>\n\n\n\n<p class=\"wp-block-paragraph\" id=\"block-783c0e52-77b1-43bc-9a72-d37f39e2351a\">Ces anomalies peuvent \u00eatre par exemple :<\/p>\n\n\n\n<ul class=\"wp-block-list\" id=\"block-3f42b644-dca2-4c96-b38b-1b81d95aaf49\">\n<li>Marchandise abim\u00e9e : rayures, bosses, chocs, d\u00e9chirure, salissure &#8230;<\/li>\n\n\n\n<li>Marchandise non conforme en nature, erreur de r\u00e9f\u00e9rence, couleur ou quantit\u00e9.<\/li>\n<\/ul>\n\n\n\n<p class=\"wp-block-paragraph\" id=\"block-c04b3fb4-6275-4f19-8973-166cd574148b\">Nous vous rappelons que les formules d\u2019usages tels que \u00ab sous r\u00e9serve de d\u00e9ballage \u00bb ou \u00ab sauf v\u00e9rification ult\u00e9rieure\u00bb&nbsp;n\u2019ont aucune valeur juridique et ne pourrons faire preuve de colis endommag\u00e9.<\/p>\n","protected":false},"excerpt":{"rendered":"<p>Exp\u00e9dition par transporteur Les exp\u00e9ditions de toiles de stores et d&rsquo;accessoires sont majoritairement r\u00e9alis\u00e9es par des transporteurs express. Nous travaillons avec les principaux r\u00e9seaux, DHL&#x2122;, DPD&#x2122;, MONDIAL RELAY&#x2122;, COLISSIMO LA POSTE&#x2122; &#8230; C&rsquo;est au moment de votre commande que nous vous donnons le choix du mode de transport, en fonction &#8230; <\/p>\n<p class=\"read-more-container\"><a title=\"Stores &amp; Pergolas&#x2122; &#8211; Exp\u00e9ditions et transport\" class=\"read-more button\" href=\"https:\/\/www.storespergolas.com\/blog\/stores-pergolas-expeditions-et-transport\/#more-8625\" aria-label=\"Plus sur Stores &amp; Pergolas&#x2122; &#8211; Exp\u00e9ditions et transport\">Lire &#8230;<\/a><\/p>\n","protected":false},"author":2,"featured_media":0,"parent":0,"menu_order":0,"comment_status":"closed","ping_status":"closed","template":"","meta":{"_crdt_document":"","footnotes":""},"class_list":["post-8625","page","type-page","status-publish","hentry","infinite-scroll-item","no-featured-image-padding"],"_links":{"self":[{"href":"https:\/\/www.storespergolas.com\/blog\/wp-json\/wp\/v2\/pages\/8625","targetHints":{"allow":["GET"]}}],"collection":[{"href":"https:\/\/www.storespergolas.com\/blog\/wp-json\/wp\/v2\/pages"}],"about":[{"href":"https:\/\/www.storespergolas.com\/blog\/wp-json\/wp\/v2\/types\/page"}],"author":[{"embeddable":true,"href":"https:\/\/www.storespergolas.com\/blog\/wp-json\/wp\/v2\/users\/2"}],"replies":[{"embeddable":true,"href":"https:\/\/www.storespergolas.com\/blog\/wp-json\/wp\/v2\/comments?post=8625"}],"version-history":[{"count":6,"href":"https:\/\/www.storespergolas.com\/blog\/wp-json\/wp\/v2\/pages\/8625\/revisions"}],"predecessor-version":[{"id":11686,"href":"https:\/\/www.storespergolas.com\/blog\/wp-json\/wp\/v2\/pages\/8625\/revisions\/11686"}],"wp:attachment":[{"href":"https:\/\/www.storespergolas.com\/blog\/wp-json\/wp\/v2\/media?parent=8625"}],"curies":[{"name":"wp","href":"https:\/\/api.w.org\/{rel}","templated":true}]}}