{"id":8559,"date":"2021-11-19T17:51:29","date_gmt":"2021-11-19T16:51:29","guid":{"rendered":"https:\/\/www.storespergolas.com\/blog\/?page_id=8559"},"modified":"2025-01-24T16:11:27","modified_gmt":"2025-01-24T15:11:27","slug":"stores-pergolas-recrutement","status":"publish","type":"page","link":"https:\/\/www.storespergolas.com\/blog\/stores-pergolas-recrutement\/","title":{"rendered":"Stores &amp; Pergolas&#x2122; &#8211; Recrutement"},"content":{"rendered":"\n<p class=\"wp-block-paragraph\" id=\"il-y-toujours-de-la-place-pour-les-candidats-de-valeur\">En parall\u00e8le de campagnes de recrutement cibl\u00e9es et sp\u00e9cifiques, Il y toujours de la place pour les <strong>candidats de valeur<\/strong>.<\/p>\n\n\n\n<p class=\"wp-block-paragraph\" id=\"envie-d-un-nouveau-defi\">Vous avez envie d&rsquo;un nouveau d\u00e9fi ? Prenez-contact avec nous : contact @ storespergolas . com<\/p>\n\n\n\n<p class=\"wp-block-paragraph\">La protection solaire est un environnement passionnant et strat\u00e9gique. Songez que les les enjeux pos\u00e9s par le r\u00e9chauffement climatique nous poussent en premi\u00e8re ligne de ce combat : <\/p>\n\n\n\n<ul class=\"wp-block-list\">\n<li>Se prot\u00e9ger d&rsquo;un soleil toujours plus pr\u00e9sent et plus ardent. <\/li>\n\n\n\n<li>Utiliser des moyens de protection solaires ext\u00e9rieurs, simples \u00e9cologiques et efficaces, plut\u00f4t que de climatiser \u00e0 tout prix.<\/li>\n\n\n\n<li>Utiliser des mat\u00e9riaux recyclables \u00e0 l&rsquo;infini comme l&rsquo;aluminium.<\/li>\n\n\n\n<li>Faire la part belle au r\u00e9emploi de fibres textiles recycl\u00e9es dans le choix des textiles de protection solaire.Voyez \u00e0 ce propos l&rsquo;exemple des tissus <a href=\"http:\/\/documents.dickson-constant.com\/fr\/FR\/protection-solaire\/replay\" target=\"_blank\" rel=\"noreferrer noopener\">Replay\u2122<\/a> de Dickson.<\/li>\n\n\n\n<li>Augmenter la dur\u00e9e de vie par l&rsquo;utilisation de mat\u00e9riaux qualitatifs :  Aluminium premi\u00e8re fusion, inox; labeillisation Qualicoat\u2122 du laquage, fibre 100% acrylique teint\u00e9e masse.<\/li>\n\n\n\n<li>Favoriser la r\u00e9parabilit\u00e9 par l&rsquo;expression d&rsquo;indices pour chaque \u00e9quipement,  par la disponibilit\u00e9 des pi\u00e8ces d\u00e9tach\u00e9es et des documents techniques.<\/li>\n<\/ul>\n\n\n\n<p class=\"wp-block-paragraph\">Par ailleurs, la r\u00e9industrialisation du territoire national passe par ces choix qualitatifs, et la tra\u00e7abilit\u00e9 des approvisionnements fran\u00e7ais, et le maintien des unit\u00e9s de production sur le national.<\/p>\n\n\n\n<p class=\"wp-block-paragraph\">Stores &amp; Pergolas\u2122 au travers de ses valeurs et de ses actions, favorise un environnement de travail fond\u00e9 sur le respect, la courtoisie, la consid\u00e9ration et la reconnaissance entre collaborateurs.<\/p>\n\n\n\n<p class=\"wp-block-paragraph\">Nous valorisons la comp\u00e9tence l&rsquo;efficacit\u00e9 et la r\u00e9activit\u00e9.<\/p>\n\n\n\n<p class=\"wp-block-paragraph\">Nous soutenons les collaborateurs avec un recrutement soign\u00e9, une int\u00e9gration qui l&rsquo;est tout autant,  et une formation v\u00e9ritablement qualifiante et sur mesure. <\/p>\n\n\n\n<p class=\"wp-block-paragraph\">Nous cherchons \u00e0 d\u00e9velopper, encourager et r\u00e9compenser l\u2019esprit d\u2019\u00e9quipe. Au quotidien, un dialogue ouvert et constructif renforce la coh\u00e9sion. Stores &amp; Pergolas\u2122 met tout en \u0153uvre pour informer ses collaborateurs sur ses objectifs et ses d\u00e9fis afin de faciliter leur adh\u00e9sion, et leur implication autour du d\u00e9veloppement de l&rsquo;entreprise.<\/p>\n\n\n\n<p class=\"wp-block-paragraph\">L\u2019exigence et le professionnalisme vis\u00e9s par Stores &amp; Pergolas\u2122 favorisent le d\u00e9veloppement des individus tant d\u2019un point de vue professionnel que personnel. Tous les salari\u00e9s participent au d\u00e9veloppement de Sunny inch, quels que soient leur fonction ou leur service.<\/p>\n\n\n\n<p class=\"wp-block-paragraph\">Pour toute candidature ,transmettez-nous votre lettre de motivation et CV \u00e0 l&rsquo;adresse suivante: contact @ storespergolas . com.<\/p>\n\n\n\n<p class=\"wp-block-paragraph\"><\/p>\n","protected":false},"excerpt":{"rendered":"<p>En parall\u00e8le de campagnes de recrutement cibl\u00e9es et sp\u00e9cifiques, Il y toujours de la place pour les candidats de valeur. Vous avez envie d&rsquo;un nouveau d\u00e9fi ? Prenez-contact avec nous : contact @ storespergolas . com La protection solaire est un environnement passionnant et strat\u00e9gique. Songez que les les enjeux &#8230; <\/p>\n<p class=\"read-more-container\"><a title=\"Stores &amp; Pergolas&#x2122; &#8211; Recrutement\" class=\"read-more button\" href=\"https:\/\/www.storespergolas.com\/blog\/stores-pergolas-recrutement\/#more-8559\" aria-label=\"Plus sur Stores &amp; Pergolas&#x2122; &#8211; Recrutement\">Lire &#8230;<\/a><\/p>\n","protected":false},"author":2,"featured_media":0,"parent":0,"menu_order":0,"comment_status":"closed","ping_status":"closed","template":"","meta":{"_crdt_document":"","footnotes":""},"class_list":["post-8559","page","type-page","status-publish","hentry","infinite-scroll-item","no-featured-image-padding"],"_links":{"self":[{"href":"https:\/\/www.storespergolas.com\/blog\/wp-json\/wp\/v2\/pages\/8559","targetHints":{"allow":["GET"]}}],"collection":[{"href":"https:\/\/www.storespergolas.com\/blog\/wp-json\/wp\/v2\/pages"}],"about":[{"href":"https:\/\/www.storespergolas.com\/blog\/wp-json\/wp\/v2\/types\/page"}],"author":[{"embeddable":true,"href":"https:\/\/www.storespergolas.com\/blog\/wp-json\/wp\/v2\/users\/2"}],"replies":[{"embeddable":true,"href":"https:\/\/www.storespergolas.com\/blog\/wp-json\/wp\/v2\/comments?post=8559"}],"version-history":[{"count":13,"href":"https:\/\/www.storespergolas.com\/blog\/wp-json\/wp\/v2\/pages\/8559\/revisions"}],"predecessor-version":[{"id":11699,"href":"https:\/\/www.storespergolas.com\/blog\/wp-json\/wp\/v2\/pages\/8559\/revisions\/11699"}],"wp:attachment":[{"href":"https:\/\/www.storespergolas.com\/blog\/wp-json\/wp\/v2\/media?parent=8559"}],"curies":[{"name":"wp","href":"https:\/\/api.w.org\/{rel}","templated":true}]}}