{"id":8532,"date":"2021-11-17T16:38:07","date_gmt":"2021-11-17T15:38:07","guid":{"rendered":"https:\/\/www.storespergolas.com\/blog\/?page_id=8532"},"modified":"2025-01-24T13:56:46","modified_gmt":"2025-01-24T12:56:46","slug":"stores-pergolas-qui-sommes-nous","status":"publish","type":"page","link":"https:\/\/www.storespergolas.com\/blog\/stores-pergolas-qui-sommes-nous\/","title":{"rendered":"Stores &amp; Pergolas&#x2122; &#8211; Qui sommes-nous ?"},"content":{"rendered":"\n<h2 class=\"wp-block-heading\" id=\"le-leader-europeen\">Le leader europ\u00e9en<\/h2>\n\n\n\n<p class=\"wp-block-paragraph\">Stores &amp; Pergolas\u2122 est la marque de la soci\u00e9t\u00e9 QUALITOILES SL<br>Cam\u00ed de Can Rossa, 317242 Quart, Girona, Espagne<br>835119363<br>83511936300017<br>FR03835119363<br>46.90Z<\/p>\n\n\n\n<p class=\"wp-block-paragraph\">Stores &amp; Pergolas\u2122 est devenue au fil des ans, le leader de la vente en ligne de dispositifs de protection solaire.<\/p>\n\n\n\n<h2 class=\"wp-block-heading\" id=\"historique-de-la-societe-stores-pergolas\">Historique de la marque Stores &amp; Pergolas\u2122<\/h2>\n\n\n\n<p class=\"wp-block-paragraph\">Nous avons commenc\u00e9 notre activit\u00e9  pr\u00e9cis\u00e9ment le 1er.avril 1986. D&rsquo;abord en Ard\u00e8che, dans la petite ville d&rsquo;Aubenas. Au d\u00e9but simple installateur sous l&rsquo;enseigne <a href=\"https:\/\/monsieurstore.com\/\" target=\"_blank\" rel=\"noreferrer noopener nofollow\">Monsieur Store\u2122<\/a>, nous avons d\u00e8s 2010 pris le virage internet. Cela nous a permis d&rsquo;\u00e9largir notre zone de chalandise, d&rsquo;abord au territoire national, puis \u00e0 l&rsquo;Europe enti\u00e8re. <\/p>\n\n\n\n<p class=\"wp-block-paragraph\">Nous avons ensuite continu\u00e9 notre d\u00e9veloppement, et au fil des ans, concr\u00e9tis\u00e9 le rachat de diff\u00e9rentes structures. Cela nous a permis d&rsquo;acc\u00e9l\u00e9rer notre d\u00e9veloppement international d&rsquo;une part, et par ailleurs d&rsquo;int\u00e9grer les activit\u00e9s de  fabrication des stores, et de confection des toiles de stores bannes.<\/p>\n\n\n\n<p class=\"wp-block-paragraph\">Enfin, aujourd&rsquo;hui pr\u00e8s de 40 ans apr\u00e8s nos d\u00e9buts, nous sommes capables de fabriquer, commercialiser et installer tous les dispositifs de protection solaire, et ce dans toute l&rsquo;Europe.<\/p>\n\n\n\n<p class=\"wp-block-paragraph\">Pour suivre, nous allons asseoir notre position de leader dans une strat\u00e9gie d&rsquo;augmentation des volumes, et d&rsquo;abaissement des prix.<\/p>\n\n\n\n<p class=\"wp-block-paragraph\">Cela fait donc pr\u00e8s de 4 d\u00e9cades d&rsquo;exp\u00e9rience accumul\u00e9e. Autant vous dire que nous avons crois\u00e9 de tr\u00e8s nombreuses situations, et que nous nous sommes forg\u00e9s une exp\u00e9rience sans r\u00e9elle \u00e9quivalence sur le march\u00e9.<\/p>\n\n\n\n<p class=\"wp-block-paragraph\">Ainsi, notre <a href=\"https:\/\/www.youtube.com\/channel\/UCRA9aK6jKA_JI4rNoJeXiyA\" target=\"_blank\" rel=\"noreferrer noopener\">cha\u00eene Youtube\u2122<\/a> est le reflet de cette exp\u00e9rience. C&rsquo;est l\u00e0 que nous nous effor\u00e7ons de diffuser notre savoir faire sur un m\u00e9dia, facile d&rsquo;acc\u00e8s et appr\u00e9ci\u00e9 du plus grand nombre. Nous donnons nos meilleurs conseils pour r\u00e9ussir vos installations, ainsi que des trucs et astuces accumul\u00e9s au fil des ann\u00e9es. Nous esp\u00e9rons ainsi vous faire gagner du temps, et vous \u00e9pargner les difficult\u00e9s que peuvent parfois pr\u00e9senter les travaux d&rsquo;installation des dispositifs de protection solaire, comme les stores ou les pergolas.<\/p>\n\n\n\n<h2 class=\"wp-block-heading\" id=\"h-une-strategie-europeenne\">Une strat\u00e9gie europ\u00e9enne<\/h2>\n\n\n\n<p class=\"wp-block-paragraph\">Notre strat\u00e9gie est clairement europ\u00e9enne. Nous intervenons dans un ensemble de pays au rang desquels nous pouvons citer, la France, L&rsquo;allemagne, l&rsquo;Autriche, la Suisse, Les Pays-bas, la Belgique, l&rsquo;Espagne le Royaume Uni, l&rsquo;Irlande, et l&rsquo; Italie. Nous ma\u00eetrisons d\u00e9j\u00e0 6 langues europ\u00e9ennes dans lesquelles nous intervenons quotidiennement. Ce sont le Fran\u00e7ais, l&rsquo;Allemand, le n\u00e9erlandais, l&rsquo;Espagnol, l&rsquo;Italien et l&rsquo;anglais.<\/p>\n\n\n\n<p class=\"wp-block-paragraph\"><\/p>\n","protected":false},"excerpt":{"rendered":"<p>Le leader europ\u00e9en Stores &amp; Pergolas\u2122 est la marque de la soci\u00e9t\u00e9 QUALITOILES SLCam\u00ed de Can Rossa, 317242 Quart, Girona, Espagne83511936383511936300017FR0383511936346.90Z Stores &amp; Pergolas\u2122 est devenue au fil des ans, le leader de la vente en ligne de dispositifs de protection solaire. Historique de la marque Stores &amp; Pergolas\u2122 Nous &#8230; <\/p>\n<p class=\"read-more-container\"><a title=\"Stores &amp; Pergolas&#x2122; &#8211; Qui sommes-nous ?\" class=\"read-more button\" href=\"https:\/\/www.storespergolas.com\/blog\/stores-pergolas-qui-sommes-nous\/#more-8532\" aria-label=\"Plus sur Stores &amp; Pergolas&#x2122; &#8211; Qui sommes-nous ?\">Lire &#8230;<\/a><\/p>\n","protected":false},"author":2,"featured_media":8538,"parent":0,"menu_order":0,"comment_status":"closed","ping_status":"closed","template":"","meta":{"_crdt_document":"","footnotes":""},"class_list":["post-8532","page","type-page","status-publish","has-post-thumbnail","hentry","infinite-scroll-item","no-featured-image-padding"],"_links":{"self":[{"href":"https:\/\/www.storespergolas.com\/blog\/wp-json\/wp\/v2\/pages\/8532","targetHints":{"allow":["GET"]}}],"collection":[{"href":"https:\/\/www.storespergolas.com\/blog\/wp-json\/wp\/v2\/pages"}],"about":[{"href":"https:\/\/www.storespergolas.com\/blog\/wp-json\/wp\/v2\/types\/page"}],"author":[{"embeddable":true,"href":"https:\/\/www.storespergolas.com\/blog\/wp-json\/wp\/v2\/users\/2"}],"replies":[{"embeddable":true,"href":"https:\/\/www.storespergolas.com\/blog\/wp-json\/wp\/v2\/comments?post=8532"}],"version-history":[{"count":15,"href":"https:\/\/www.storespergolas.com\/blog\/wp-json\/wp\/v2\/pages\/8532\/revisions"}],"predecessor-version":[{"id":11690,"href":"https:\/\/www.storespergolas.com\/blog\/wp-json\/wp\/v2\/pages\/8532\/revisions\/11690"}],"wp:featuredmedia":[{"embeddable":true,"href":"https:\/\/www.storespergolas.com\/blog\/wp-json\/wp\/v2\/media\/8538"}],"wp:attachment":[{"href":"https:\/\/www.storespergolas.com\/blog\/wp-json\/wp\/v2\/media?parent=8532"}],"curies":[{"name":"wp","href":"https:\/\/api.w.org\/{rel}","templated":true}]}}