{"id":11700,"date":"2025-01-24T16:24:32","date_gmt":"2025-01-24T15:24:32","guid":{"rendered":"https:\/\/www.storespergolas.com\/blog\/?page_id=11700"},"modified":"2025-01-24T16:24:34","modified_gmt":"2025-01-24T15:24:34","slug":"conditions-generales-de-vente","status":"publish","type":"page","link":"https:\/\/www.storespergolas.com\/blog\/conditions-generales-de-vente\/","title":{"rendered":"Conditions G\u00e9n\u00e9rales de Vente"},"content":{"rendered":"\n<p class=\"wp-block-paragraph\">Date de mise \u00e0 jour : 2 janvier 2025.<\/p>\n\n\n\n<h2 class=\"wp-block-heading\">Pr\u00e9ambule<\/h2>\n\n\n\n<p class=\"wp-block-paragraph\">Toute action de commander implique l&rsquo;acceptation des pr\u00e9sentes conditions g\u00e9n\u00e9rales de vente. Le client reconna\u00eet en avoir pris connaissance, pr\u00e9alablement \u00e0 toute commande, et les avoir int\u00e9gralement accept\u00e9es, sans r\u00e9serve.<\/p>\n\n\n\n<p class=\"wp-block-paragraph\">La validation de la commande confirme l&rsquo;acceptation pleine et enti\u00e8re des pr\u00e9sentes conditions par le client.<\/p>\n\n\n\n<h2 class=\"wp-block-heading\">Pr\u00e9sentation<\/h2>\n\n\n\n<p class=\"wp-block-paragraph\">Le pr\u00e9sent site est \u00e9dit\u00e9 par la Soci\u00e9t\u00e9 QUALITOILES SL. Son si\u00e8ge social Cam\u00ed de Can Rossa, 317242 Quart, Girona, Espagne.<\/p>\n\n\n\n<p class=\"wp-block-paragraph\">Les pr\u00e9sentes conditions g\u00e9n\u00e9rales sont conclues entre la QUALITOILES SL, et le client, ci-apr\u00e8s d\u00e9nomm\u00e9 l&rsquo;Utilisateur.<\/p>\n\n\n\n<p class=\"wp-block-paragraph\">L&rsquo;Utilisateur qui effectue une commande via ce site a pris connaissance des pr\u00e9sentes conditions g\u00e9n\u00e9rales. La passation de la commande vaut acception.<\/p>\n\n\n\n<p class=\"wp-block-paragraph\">Les pr\u00e9sentes conditions ne s&rsquo;appliquent qu&rsquo;aux personnes physiques n&rsquo;ayant pas la qualit\u00e9 de commer\u00e7ant au sens du Code de la consommation et agissant pour leurs besoins personnels.<\/p>\n\n\n\n<p class=\"wp-block-paragraph\">Les mineurs n&rsquo;ont pas de capacit\u00e9 juridique. Par cons\u00e9quent, ils ne sont aptes \u00e0 commander sur le site qu&rsquo;avec l&rsquo;autorisation expresse de leurs repr\u00e9sentants l\u00e9gaux. Ce sont ces derniers qui seront engag\u00e9s \u00e0 l&rsquo;\u00e9gard de la Soci\u00e9t\u00e9 QUALITOILES SL.<\/p>\n\n\n\n<p class=\"wp-block-paragraph\">Il est conseill\u00e9 \u00e0 l&rsquo;Utilisateur de sauvegarder et\/ou imprimer les pr\u00e9sentes conditions g\u00e9n\u00e9rales sans, toutefois, les modifier.<\/p>\n\n\n\n<p class=\"wp-block-paragraph\">La Soci\u00e9t\u00e9 QUALITOILES SL se r\u00e9serve le droit de modifier ou d&rsquo;adapter les pr\u00e9sentes conditions g\u00e9n\u00e9rales. En cas de modification, les conditions applicables sont celles qui \u00e9taient en vigueur au jour de la passation de la commande. La date de mise \u00e0 jour figure en t\u00eate des pr\u00e9sentes conditions g\u00e9n\u00e9rales.<\/p>\n\n\n\n<h2 class=\"wp-block-heading\">Objet<\/h2>\n\n\n\n<p class=\"wp-block-paragraph\">Les pr\u00e9sentes conditions r\u00e9gissent les relations entre La Soci\u00e9t\u00e9 QUALITOILES SL et l&rsquo;Utilisateur. Ces relations concernent la vente, par le biais du site , des divers produits mis en ligne.<\/p>\n\n\n\n<p class=\"wp-block-paragraph\">Le pr\u00e9sent site est accessible 7 jours sur 7.<\/p>\n\n\n\n<p class=\"wp-block-paragraph\">Les conseils techniques que nous avons estim\u00e9s devoir vous donner ne sauraient en aucun cas entra\u00eener pour nous une responsabilit\u00e9 quelle qu&rsquo;elle soit. Les articles ne sont garanties qu&rsquo;en cas de stipulation expresse. Nous ne pourrons accepter aucun retour de mat\u00e9riel ou de marchandise sans notre accord pr\u00e9alable.<\/p>\n\n\n\n<p class=\"wp-block-paragraph\">Pour les Toiles solaires, sont notamment express\u00e9ment exclues toutes d\u00e9gradations dues : &#8211; au d\u00e9faut d\u2019entretien ou \u00e0 l\u2019utilisation de produits ou instruments inadapt\u00e9s : il ne doit \u00eatre employ\u00e9 ni d\u00e9tergent, produit chimique ou solvant, ni racle ou autre instrument risquant de d\u00e9t\u00e9riorer la surface ; &#8211; \u00e0 la foudre ou \u00e0 des conditions climatiques inhabituelles ;- aux pollutions atmosph\u00e9riques ou phytosanitaires ; &#8211; aux salissures d\u2019animaux ; &#8211; aux d\u00e9fauts de montage, fautes de manoeuvre de l\u2019utilisateur, projections de produits divers, accrochage d\u2019objets sur la toile, chute d\u2019objets, chocs, accidents de voirie, vandalisme, br\u00fblures de cigarettes ou autres, incendie.&nbsp;<\/p>\n\n\n\n<p class=\"wp-block-paragraph\">De la m\u00eame mani\u00e8re, les erreurs de c\u00f4tes imputables \u00e0 l&rsquo;utilisateur sont exclues du champ de notre responsabilit\u00e9.<\/p>\n\n\n\n<p class=\"wp-block-paragraph\">Nous prenons en charge les produits non conforme au libell\u00e9 clairement \u00e9nonc\u00e9 de la commande ou du devis r\u00e9f\u00e9renc\u00e9. Nous ne couvrons pas les cons\u00e9quences de conditions d\u2019installation, d\u2019environnement ou d\u2019utilisation ne correspondant pas \u00e0 des conditions normales, aux usages de la profession, aux normes prescrites ou \u00e0 la destination de la toile.<\/p>\n\n\n\n<h2 class=\"wp-block-heading\">Commande<\/h2>\n\n\n\n<p class=\"wp-block-paragraph\">Une fois la commande effectu\u00e9e, l&rsquo;Utilisateur recevra un courrier \u00e9lectronique de confirmation.<\/p>\n\n\n\n<p class=\"wp-block-paragraph\">En cas d&rsquo;indisponibilit\u00e9 d&rsquo;un produit apr\u00e8s avoir effectu\u00e9 la commande, l&rsquo;Utilisateur sera inform\u00e9 de celle-ci au plus tard au moment de la livraison. Il aura droit au remboursement de l&rsquo;article indisponible dans les plus brefs d\u00e9lais.<\/p>\n\n\n\n<p class=\"wp-block-paragraph\">En validant sa commande, l&rsquo;Utilisateur autorise La Soci\u00e9t\u00e9 QUALITOILES SL \u00e0 lui envoyer par e.mail ses offres promotionelles. Il peut refuser de les\u00a0recevoir sur simple demande par e.mail.<\/p>\n\n\n\n<h2 class=\"wp-block-heading\">Prix &#8211; Paiement<\/h2>\n\n\n\n<p class=\"wp-block-paragraph\">La Soci\u00e9t\u00e9 QUALITOILES SL se r\u00e9serve le droit de modifier ses prix en cas d&rsquo;augmentation des charges, notamment du taux de TVA, et en cas d&rsquo;erreur typographique ou d&rsquo;impression, manifeste.<\/p>\n\n\n\n<p class=\"wp-block-paragraph\">Les prix sont exprim\u00e9s et payables en Euros toutes taxes comprises.<br>Le prix est payable au moment de la commande par CB directement sur le site ou par ch\u00e8que.<\/p>\n\n\n\n<p class=\"wp-block-paragraph\">CB :&nbsp;Carte bancaire (VISA ou MASTERCARD) \u00e9mise par un \u00e9tablissement de cr\u00e9dit dont le si\u00e8ge est en France<\/p>\n\n\n\n<p class=\"wp-block-paragraph\">La Soci\u00e9t\u00e9 QUALITOILES SL s\u00e9curise le paiement en ligne par le protocole S.S.L. 3. 3-D Secure est un\u00a0protocole s\u00e9curis\u00e9 de paiement sur Internet : accr\u00e9ditation VISA\/Mastercard\u00a0<\/p>\n\n\n\n<h2 class=\"wp-block-heading\">Information importante<\/h2>\n\n\n\n<p class=\"wp-block-paragraph\">Depuis le 1er Octobre 2008, les banques ont install\u00e9 un nouveau protocole de s\u00e9curit\u00e9 baptis\u00e9 le 3D Secure.&nbsp;Il permet de s\u00e9curiser les paiements sur Internet effectu\u00e9s par carte bancaire, en demandant aux titulaires des cartes de s\u2019authentifier de mani\u00e8re plus s\u00e9curis\u00e9e aupr\u00e8s de leur banque.<\/p>\n\n\n\n<p class=\"wp-block-paragraph\">Cette authentification est r\u00e9alis\u00e9e par la saisie syst\u00e9matique d\u2019un identifiant personnel, lors de chaque paiement effectu\u00e9 sur des sites marchands, en France (et sur certains sites \u00e9trangers) affichant le logo \u00ab Verified by VISA \u00bb et \u00ab MasterCard Secure Code \u00bb.&nbsp;Cet identifiant peut par cons\u00e9quent vous \u00eatre demand\u00e9 lors de la validation de votre paiement sur le site de notre banque Cybermut.Pour information, l&rsquo;authentification 3D Secure se fait de deux mani\u00e8res : soit on vous demande votre date de naissance, soit votre banque vous aura propos\u00e9 de choisir un code sp\u00e9cial. Sachez qu&rsquo;en cas d\u2019absence d\u2019authentification ou si l&rsquo;authentification est erron\u00e9e, le paiement ne pourra \u00eatre valid\u00e9 sur notre site.Si vous rencontrez des probl\u00e8mes de paiement sur le site de notre banque, n&rsquo;h\u00e9sitez pas \u00e0 contacter VOTRE banque afin de conna\u00eetre exactement votre identifiant personnel.&nbsp;Une fois install\u00e9 sur votre carte, ce syst\u00e8me est une v\u00e9ritable s\u00e9curit\u00e9 suppl\u00e9mentaire emp\u00eachant l&rsquo;utilisation frauduleuse de votre carte sur Internet.<\/p>\n\n\n\n<p class=\"wp-block-paragraph\">NB : paiement en 3 fois sans frais pour commande +250TTC : par CB s\u00e9lectionnez l&rsquo;option pour obtenir l&rsquo;\u00e9ch\u00e9ancier si disponible.<\/p>\n\n\n\n<p class=\"wp-block-paragraph\">Sauf promotion, un tarif unique est pr\u00e9vu pour les livraisons dans les pays de l\u2019Union Europ\u00e9enne : 23\u20ac.<br>Les produits sont livrables en France, en Suisse, dans les pays de l\u2019Union Europ\u00e9enne, et les d\u00e9partements d&rsquo;outre-mer (DOM).<\/p>\n\n\n\n<p class=\"wp-block-paragraph\">Aucune livraison ne sera effectu\u00e9e \u00e0 l&rsquo;\u00e9tranger sans conditions &amp; tarifs pr\u00e9alables clairement d\u00e9finis.<\/p>\n\n\n\n<h2 class=\"wp-block-heading\">D\u00e9lai et mode d&rsquo;exp\u00e9dition<\/h2>\n\n\n\n<p class=\"wp-block-paragraph\">Les d\u00e9lais de livraison sont donn\u00e9s \u00e0 titre indicatif.<\/p>\n\n\n\n<p class=\"wp-block-paragraph\">Les produits sont exp\u00e9di\u00e9s dans les meilleurs d\u00e9lais et, le plus souvent dans les 15 jours ouvr\u00e9s qui suivent celui de la commande, sauf conditions sp\u00e9ciales indiqu\u00e9es sur la page produit ou page d\u2019accueil.\u00a0<\/p>\n\n\n\n<p class=\"wp-block-paragraph\">Un retard n&rsquo;autorise pas l&rsquo;acheteur \u00e0 annuler la vente ou \u00e0 refuser les marchandises.<\/p>\n\n\n\n<p class=\"wp-block-paragraph\">Il ne peut pas d&rsquo;avantage donner lieu \u00e0 retenue, p\u00e9nalit\u00e9, compensation ou d\u00e9dommagement.<\/p>\n\n\n\n<p class=\"wp-block-paragraph\">Nous utilisons plusieurs transporteurs sur tout le territoire europ\u00e9en. La plupart de nos transporteurs vous contacte au pr\u00e9alable pour vous indiquer un cr\u00e9neau horaire (matin ou apr\u00e8s-midi), une heure pr\u00e9cise de rendez-vous \u00e9tant impossible \u00e0 vous fournir pour raisons \u00e9videntes de contraintes li\u00e9es \u00e0 la circulation et aux livraisons pr\u00e9c\u00e9dentes.<\/p>\n\n\n\n<p class=\"wp-block-paragraph\">Les livraisons sont effectu\u00e9es au rez-de-chauss\u00e9e ou \u00e0 votre porte pali\u00e8re, si n\u00e9cessaire avec votre aide.&nbsp;<\/p>\n\n\n\n<p class=\"wp-block-paragraph\">Pour information, avec ce mode de livraison, le transporteur n&rsquo;est pas tenu de vous livrer \u00e0 l&rsquo;int\u00e9rieur de votre domicile, \u00e0 l&rsquo;\u00e9tage, ni de vous installer les produits livr\u00e9s.&nbsp;<\/p>\n\n\n\n<p class=\"wp-block-paragraph\">Si le colis est encombrant ou lourd, pr\u00e9voyez l&rsquo;aide d&rsquo;une autre personne lors de la livraison.&nbsp;<\/p>\n\n\n\n<p class=\"wp-block-paragraph\">La livraison se fait \u00e0 l&rsquo;adresse mentionn\u00e9e sur le bon de commande<\/p>\n\n\n\n<h2 class=\"wp-block-heading\">Droit de r\u00e9tractation<\/h2>\n\n\n\n<p class=\"wp-block-paragraph\">Vous avez le droit de vous r\u00e9tracter du pr\u00e9sent contrat sans donner de motif dans un\u00a0<strong>d\u00e9lai de quatorze jours<\/strong>. Le d\u00e9lai de r\u00e9tractation expire quatorze jours apr\u00e8s le jour o\u00f9 vous-m\u00eame, ou un tiers autre que le transporteur et d\u00e9sign\u00e9 par vous, prend physiquement possession du dernier bien. Pour exercer le droit de r\u00e9tractation, vous devez nous notifier votre d\u00e9cision de r\u00e9tractation du pr\u00e9sent contrat au moyen d\u2019une d\u00e9claration d\u00e9nu\u00e9e d\u2019ambigu\u00eft\u00e9 (par exemple, lettre envoy\u00e9e par la poste, t\u00e9l\u00e9copie ou courrier \u00e9lectronique) en utilisant ce\u00a0<a href=\"https:\/\/www.storespergolas.com\/contact-page.php\">formulaire de contact<\/a>. Vous pouvez utiliser le mod\u00e8le de formulaire de r\u00e9tractation mais ce n\u2019est pas obligatoire. Pour que le d\u00e9lai de r\u00e9tractation soit respect\u00e9, il suffit que vous transmettiez votre communication relative \u00e0 l\u2019exercice du droit de r\u00e9tractation avant l\u2019expiration du d\u00e9lai de r\u00e9tractation. Vous devrez renvoyer ou nous rendre le bien, en l\u2019exp\u00e9diant \u00e0 La Soci\u00e9t\u00e9 QUALITOILES SL, sans retard excessif et, en tout \u00e9tat de cause, au plus tard quatorze jours apr\u00e8s que vous nous aurez communiqu\u00e9 votre d\u00e9cision de r\u00e9tractation du pr\u00e9sent contrat. Ce d\u00e9lai est r\u00e9put\u00e9 respect\u00e9 si vous renvoyez le bien avant l\u2019expiration du d\u00e9lai de quatorze jours. Vous devrez prendre en charge les frais directs de renvoi du bien.<\/p>\n\n\n\n<h2 class=\"wp-block-heading\">Effets de la r\u00e9tractation<\/h2>\n\n\n\n<p class=\"wp-block-paragraph\">En cas de r\u00e9tractation de votre part du pr\u00e9sent contrat, nous vous rembourserons tous les paiements re\u00e7us de vous, y compris les frais de livraison (\u00e0 l\u2019exception des frais suppl\u00e9mentaires d\u00e9coulant du fait que vous avez choisi, le cas \u00e9ch\u00e9ant, un mode de livraison autre que le mode moins co\u00fbteux de livraison standard propos\u00e9 par nous) sans retard excessif et, en tout \u00e9tat de cause, au plus tard quatorze jours \u00e0 compter du jour o\u00f9 nous sommes inform\u00e9s de votre d\u00e9cision de r\u00e9tractation du pr\u00e9sent contrat. Nous proc\u00e9derons au remboursement en utilisant le m\u00eame moyen de paiement que celui que vous aurez utilis\u00e9 pour la transaction initiale, sauf si vous convenez express\u00e9ment d\u2019un moyen diff\u00e9rent; en tout \u00e9tat de cause, ce remboursement n\u2019occasionnera pas de frais pour vous. Nous pouvons diff\u00e9rer le remboursement jusqu\u2019\u00e0 ce que nous ayons re\u00e7u le bien ou jusqu\u2019\u00e0 ce que vous ayez fourni une preuve d\u2019exp\u00e9dition du bien, la date retenue \u00e9tant celle du premier de ces faits.<\/p>\n\n\n\n<h2 class=\"wp-block-heading\">Exception au droit de r\u00e9tractation<\/h2>\n\n\n\n<p class=\"wp-block-paragraph\">L\u2019exercice du droit de r\u00e9tractation est exclu pour les contrats suivants :<\/p>\n\n\n\n<ul class=\"wp-block-list\">\n<li>Les contrats de fourniture de biens confectionn\u00e9s selon les sp\u00e9cifications du consommateur ou nettement personnalis\u00e9s ;<\/li>\n\n\n\n<li>Les contrats de fourniture de services pleinement ex\u00e9cut\u00e9s avant la fin du d\u00e9lai de r\u00e9tractation et dont l\u2019ex\u00e9cution a commenc\u00e9 apr\u00e8s accord pr\u00e9alable expr\u00e8s du consommateur et renoncement expr\u00e8s \u00e0 son droit de r\u00e9tractation.<\/li>\n\n\n\n<li>Les contrats les travaux d\u2019entretien ou de r\u00e9paration \u00e0 r\u00e9aliser en urgence au domicile du consommateur et express\u00e9ment sollicit\u00e9s par lui, dans la limite des pi\u00e8ces de rechange et travaux strictement n\u00e9cessaires pour r\u00e9pondre \u00e0 l\u2019urgence.<\/li>\n<\/ul>\n\n\n\n<p class=\"wp-block-paragraph\">Retournez votre commande dans son emballage d\u2019origine dans ce d\u00e9lai.&nbsp;<strong>Attention<\/strong>&nbsp;: Les articles sur-mesure ou configurables ne peuvent en revanche faire l\u2019objet du d\u00e9lai de r\u00e9tractation du fait de leur caract\u00e8re personnalis\u00e9. C\u2019est le cas notamment des toiles de stores. Quelle est la marche \u00e0 suivre ?<\/p>\n\n\n\n<ul class=\"wp-block-list\">\n<li>&#8211; Contactez notre service client en utilisant le\u00a0<a href=\"https:\/\/www.storespergolas.com\/contact-page.php\">formulaire de contact<\/a><\/li>\n\n\n\n<li>&#8211; Nous vous confirmerons alors, apr\u00e8s avoir pris connaissance de votre demande de retour que le ou els articles concern\u00e9s sont bien \u00e9ligibles \u00e0 cette facult\u00e9.<\/li>\n\n\n\n<li>&#8211; Nous ne poserons pas plus de questions.<\/li>\n\n\n\n<li>&#8211; Vous pouvez alors demander le remplacement ou le remboursement de votre produit, conform\u00e9ment aux dispositions de nos\u00a0<a href=\"https:\/\/www.storespergolas.com\/cgv.php\">Conditions G\u00e9n\u00e9rales de Vente<\/a><\/li>\n<\/ul>\n\n\n\n<h2 class=\"wp-block-heading\">Garantie<\/h2>\n\n\n\n<p class=\"wp-block-paragraph\">Tous nos produits sont garantis par le fabricant de la toile, vous pouvez connaitre les garanties couvertes en allant sur le site<br>du fabricant .<br>Cette garantie ne s&rsquo;applique pas si le d\u00e9faut r\u00e9sulte de la pose, ou d&rsquo;une prise de mesures erron\u00e9e emp\u00eachant le store de<br>fonctionner normalement.<br>Notre garantie couvre toute utilisation normale du store : elle ne s&rsquo;applique pas en cas de n\u00e9gligence d&rsquo;utilisation, par exemple<br>si un store ext\u00e9rieur en toile reste ouvert pendant un fort coup de vent, qui endommagerait la toile.<br>Avant tout retour \u00e9ventuel, contactez-nous au pr\u00e9alable en pr\u00e9cisant clairement la nature du d\u00e9faut et le num\u00e9ro de votre<br>facture, Nous vous pr\u00e9ciserons les modalit\u00e9s de retour.<\/p>\n\n\n\n<h2 class=\"wp-block-heading\">Litiges \u00e9ventuels<\/h2>\n\n\n\n<p class=\"wp-block-paragraph\">En cas de difficult\u00e9s dans l&rsquo;application du pr\u00e9sent contrat, l&rsquo;acheteur a la possibilit\u00e9, avant toute action en justice, de rechercher une solution amiable notamment l&rsquo;aide :<br>d&rsquo;une association professionnelle de la branche, d&rsquo;une association de consommateurs, de tout autre conseil de son choix.<\/p>\n\n\n\n<p class=\"wp-block-paragraph\">R\u00e9clamation : Toute r\u00e9clamation est port\u00e9e \u00e0 la connaissance de La Soci\u00e9t\u00e9 Stores Shop SAS aupr\u00e8s de son service client : Soci\u00e9t\u00e9 QUALITOILES SL T\u00e9l. : +33 9 70 70 77 57 .<\/p>\n\n\n\n<p class=\"wp-block-paragraph\">Email :\u00a0<a href=\"mailto:contact@storespergolas.com\">contact @ storespergolas . com<\/a>\u00a0. Aucune r\u00e9clamation ne sera re\u00e7ue apr\u00e8s un d\u00e9lai de 3 mois r\u00e9volus \u00e0 compter du jour de la r\u00e9ception pour toute op\u00e9ration pass\u00e9e entre La Soci\u00e9t\u00e9 QUALITOILES SL et l&rsquo;Utilisateur.<\/p>\n\n\n\n<h2 class=\"wp-block-heading\">Responsabilit\u00e9<\/h2>\n\n\n\n<p class=\"wp-block-paragraph\">La Soci\u00e9t\u00e9 QUALITOILES SL s&rsquo;engage \u00e0 respecter les r\u00e9glementations sur la responsabilit\u00e9 envers le consommateur.<br>N\u00e9anmoins, La Soci\u00e9t\u00e9 QUALITOILES SL ne saurait \u00eatre engag\u00e9 si ses obligations ne sont pas remplies en cas de force majeure telle que d\u00e9finie par la jurisprudence de la Cour de cassation. Pr\u00e9sentent, notamment, les caract\u00e8res de la force majeure les \u00e9v\u00e9nements suivants : gr\u00e8ve sans pr\u00e9avis des services de transport, incendie des entrep\u00f4ts de La Soci\u00e9t\u00e9 QUALITOILES SL.<\/p>\n\n\n\n<p class=\"wp-block-paragraph\">L&rsquo;Utilisateur reconna\u00eet qu&rsquo;il peut y avoir des interruptions du service internet qui ne peuvent \u00eatre imput\u00e9es \u00e0 La Soci\u00e9t\u00e9 QUALITOILES SL.<br>La Soci\u00e9t\u00e9 QUALITOILES SL met tout en oeuvre afin de garantir la continuit\u00e9 du service, son obligation n&rsquo;est qu&rsquo;une obligation de moyen.<br>Loi applicable : Le contrat est conclu en langue fran\u00e7aise.<\/p>\n\n\n\n<p class=\"wp-block-paragraph\">Les pr\u00e9sentes conditions g\u00e9n\u00e9rales et toutes les situations qui en d\u00e9coulent sont soumises \u00e0 la Loi fran\u00e7aise.<br>En cas de litige, les parties devront rechercher un accord amiable avant toute action devant les tribunaux.<\/p>\n\n\n\n<h2 class=\"wp-block-heading\">Propri\u00e9t\u00e9 intellectuelle et Utilisation du site.<\/h2>\n\n\n\n<p class=\"wp-block-paragraph\">L&rsquo;ensemble des \u00e9l\u00e9ments composant le site www.storespergolas.com qu&rsquo;ils soient visuels ou sonores, est prot\u00e9g\u00e9 par le droit d&rsquo;auteur, le droit des marques et brevets.<br>Ces \u00e9l\u00e9ments sont la propri\u00e9t\u00e9 de La Soci\u00e9t\u00e9 QUALITOILES SL.<\/p>\n\n\n\n<p class=\"wp-block-paragraph\">Toute utilisation, de quelle que nature qu&rsquo;elle soit, totale ou partielle devra \u00eatre express\u00e9ment autoris\u00e9e par La Soci\u00e9t\u00e9 QUALITOILES SL.<\/p>\n\n\n\n<p class=\"wp-block-paragraph\">Tout lien vers le site devra \u00eatre retir\u00e9 sur simple demande de La Soci\u00e9t\u00e9 QUALITOILES SL.<\/p>\n","protected":false},"excerpt":{"rendered":"<p>Date de mise \u00e0 jour : 2 janvier 2025. Pr\u00e9ambule Toute action de commander implique l&rsquo;acceptation des pr\u00e9sentes conditions g\u00e9n\u00e9rales de vente. Le client reconna\u00eet en avoir pris connaissance, pr\u00e9alablement \u00e0 toute commande, et les avoir int\u00e9gralement accept\u00e9es, sans r\u00e9serve. La validation de la commande confirme l&rsquo;acceptation pleine et enti\u00e8re &#8230; <\/p>\n<p class=\"read-more-container\"><a title=\"Conditions G\u00e9n\u00e9rales de Vente\" class=\"read-more button\" href=\"https:\/\/www.storespergolas.com\/blog\/conditions-generales-de-vente\/#more-11700\" aria-label=\"Plus sur Conditions G\u00e9n\u00e9rales de Vente\">Lire &#8230;<\/a><\/p>\n","protected":false},"author":2,"featured_media":0,"parent":0,"menu_order":0,"comment_status":"closed","ping_status":"closed","template":"","meta":{"_crdt_document":"","footnotes":""},"class_list":["post-11700","page","type-page","status-publish","hentry","infinite-scroll-item","no-featured-image-padding"],"_links":{"self":[{"href":"https:\/\/www.storespergolas.com\/blog\/wp-json\/wp\/v2\/pages\/11700","targetHints":{"allow":["GET"]}}],"collection":[{"href":"https:\/\/www.storespergolas.com\/blog\/wp-json\/wp\/v2\/pages"}],"about":[{"href":"https:\/\/www.storespergolas.com\/blog\/wp-json\/wp\/v2\/types\/page"}],"author":[{"embeddable":true,"href":"https:\/\/www.storespergolas.com\/blog\/wp-json\/wp\/v2\/users\/2"}],"replies":[{"embeddable":true,"href":"https:\/\/www.storespergolas.com\/blog\/wp-json\/wp\/v2\/comments?post=11700"}],"version-history":[{"count":1,"href":"https:\/\/www.storespergolas.com\/blog\/wp-json\/wp\/v2\/pages\/11700\/revisions"}],"predecessor-version":[{"id":11701,"href":"https:\/\/www.storespergolas.com\/blog\/wp-json\/wp\/v2\/pages\/11700\/revisions\/11701"}],"wp:attachment":[{"href":"https:\/\/www.storespergolas.com\/blog\/wp-json\/wp\/v2\/media?parent=11700"}],"curies":[{"name":"wp","href":"https:\/\/api.w.org\/{rel}","templated":true}]}}